{"id":5488,"date":"2022-03-07T17:39:24","date_gmt":"2022-03-07T16:39:24","guid":{"rendered":"https:\/\/www.derbyfootballcenter.it\/?post_type=product&#038;p=5488"},"modified":"2022-04-19T15:06:21","modified_gmt":"2022-04-19T13:06:21","slug":"predator-freak-1-fg-2","status":"publish","type":"product","link":"https:\/\/www.derbyfootballcenter.it\/?product=predator-freak-1-fg-2","title":{"rendered":"Predator EDGE.1 FG"},"content":{"rendered":"<h5 class=\"gl-heading--italic gl-heading--s heading___IO3QX\">MASSIMO CONTROLLO SULLE SUPERFICI COMPATTE.<\/h5>\n<p>Agilit\u00e0. Forza. Controllo. Quando hai tutto questo, il campo \u00e8 pieno di possibilit\u00e0. Osserva il gioco pi\u00f9 bello del mondo da una prospettiva tutta nuova con le adidas Predator. La tomaia Zone Skin \u00e8 caratterizzata da sezioni a coste per un tocco di palla e una precisione ottimali in ogni situazione. La tecnologia Power Facet sull&#8217;avampiede ti consente di imprimere pi\u00f9 potenza ai tuoi tiri, mentre il collarino adidas PRIMEKNIT si adatta alla forma del piede per una calzata stabile.<\/p>\n<p>&nbsp;<\/p>\n","protected":false},"excerpt":{"rendered":"<p>MASSIMO CONTROLLO SULLE SUPERFICI COMPATTE. Agilit\u00e0. Forza. Controllo. Quando hai tutto questo, il campo \u00e8 pieno di possibilit\u00e0. Osserva il gioco pi\u00f9 bello del mondo da una prospettiva tutta nuova con le adidas Predator. La tomaia Zone Skin \u00e8 caratterizzata da sezioni a coste per un tocco di palla e una precisione ottimali in ogni&hellip;<\/p>\n","protected":false},"featured_media":5527,"template":"","meta":[],"product_brand":[],"product_cat":[18,19,20],"product_tag":[],"class_list":{"0":"post-5488","1":"product","2":"type-product","3":"status-publish","4":"has-post-thumbnail","6":"product_cat-scarpe","7":"product_cat-terreno-duro","8":"product_cat-terreno-sintetico","9":"description-off","11":"first","12":"instock","13":"shipping-taxable","14":"product-type-simple"},"yoast_head":"<!-- This site is optimized with the Yoast SEO plugin v27.5 - https:\/\/yoast.com\/product\/yoast-seo-wordpress\/ -->\n<title>Predator EDGE.1 FG - Derby Football Center - Il negozio di calcio a Torino<\/title>\n<meta name=\"description\" content=\"Predator EDGE.1 FG - Derby Football Center - Il negozio di calcio a Torino\" \/>\n<meta name=\"robots\" content=\"index, follow, max-snippet:-1, max-image-preview:large, max-video-preview:-1\" \/>\n<link rel=\"canonical\" href=\"https:\/\/www.derbyfootballcenter.it\/?product=predator-freak-1-fg-2\" \/>\n<meta property=\"og:locale\" content=\"it_IT\" \/>\n<meta property=\"og:type\" content=\"article\" \/>\n<meta property=\"og:title\" content=\"Predator EDGE.1 FG - Derby Football Center - Il negozio di calcio a Torino\" \/>\n<meta property=\"og:description\" content=\"Predator EDGE.1 FG - Derby Football Center - Il negozio di calcio a Torino\" \/>\n<meta property=\"og:url\" content=\"https:\/\/www.derbyfootballcenter.it\/?product=predator-freak-1-fg-2\" \/>\n<meta property=\"og:site_name\" content=\"Derby Football Center\" \/>\n<meta property=\"article:publisher\" content=\"https:\/\/www.facebook.com\/DerbyFootballCenter\" \/>\n<meta property=\"article:modified_time\" content=\"2022-04-19T13:06:21+00:00\" \/>\n<meta property=\"og:image\" content=\"https:\/\/www.derbyfootballcenter.it\/wp-content\/uploads\/2022\/03\/pred-adge-1-fg-1.jpg\" \/>\n\t<meta property=\"og:image:width\" content=\"840\" \/>\n\t<meta property=\"og:image:height\" content=\"840\" \/>\n\t<meta property=\"og:image:type\" content=\"image\/jpeg\" \/>\n<meta name=\"twitter:card\" content=\"summary_large_image\" \/>\n<script type=\"application\/ld+json\" class=\"yoast-schema-graph\">{\"@context\":\"https:\\\/\\\/schema.org\",\"@graph\":[{\"@type\":\"WebPage\",\"@id\":\"https:\\\/\\\/www.derbyfootballcenter.it\\\/?product=predator-freak-1-fg-2\",\"url\":\"https:\\\/\\\/www.derbyfootballcenter.it\\\/?product=predator-freak-1-fg-2\",\"name\":\"Predator EDGE.1 FG - Derby Football Center - Il negozio di calcio a Torino\",\"isPartOf\":{\"@id\":\"https:\\\/\\\/www.derbyfootballcenter.it\\\/#website\"},\"primaryImageOfPage\":{\"@id\":\"https:\\\/\\\/www.derbyfootballcenter.it\\\/?product=predator-freak-1-fg-2#primaryimage\"},\"image\":{\"@id\":\"https:\\\/\\\/www.derbyfootballcenter.it\\\/?product=predator-freak-1-fg-2#primaryimage\"},\"thumbnailUrl\":\"https:\\\/\\\/www.derbyfootballcenter.it\\\/wp-content\\\/uploads\\\/2022\\\/03\\\/pred-adge-1-fg-1.jpg\",\"datePublished\":\"2022-03-07T16:39:24+00:00\",\"dateModified\":\"2022-04-19T13:06:21+00:00\",\"description\":\"Predator EDGE.1 FG - Derby Football Center - Il negozio di calcio a Torino\",\"breadcrumb\":{\"@id\":\"https:\\\/\\\/www.derbyfootballcenter.it\\\/?product=predator-freak-1-fg-2#breadcrumb\"},\"inLanguage\":\"it-IT\",\"potentialAction\":[{\"@type\":\"ReadAction\",\"target\":[\"https:\\\/\\\/www.derbyfootballcenter.it\\\/?product=predator-freak-1-fg-2\"]}]},{\"@type\":\"ImageObject\",\"inLanguage\":\"it-IT\",\"@id\":\"https:\\\/\\\/www.derbyfootballcenter.it\\\/?product=predator-freak-1-fg-2#primaryimage\",\"url\":\"https:\\\/\\\/www.derbyfootballcenter.it\\\/wp-content\\\/uploads\\\/2022\\\/03\\\/pred-adge-1-fg-1.jpg\",\"contentUrl\":\"https:\\\/\\\/www.derbyfootballcenter.it\\\/wp-content\\\/uploads\\\/2022\\\/03\\\/pred-adge-1-fg-1.jpg\",\"width\":840,\"height\":840},{\"@type\":\"BreadcrumbList\",\"@id\":\"https:\\\/\\\/www.derbyfootballcenter.it\\\/?product=predator-freak-1-fg-2#breadcrumb\",\"itemListElement\":[{\"@type\":\"ListItem\",\"position\":1,\"name\":\"Home\",\"item\":\"https:\\\/\\\/www.derbyfootballcenter.it\\\/\"},{\"@type\":\"ListItem\",\"position\":2,\"name\":\"PRODOTTI\",\"item\":\"https:\\\/\\\/www.derbyfootballcenter.it\\\/?page_id=1199\"},{\"@type\":\"ListItem\",\"position\":3,\"name\":\"Predator EDGE.1 FG\"}]},{\"@type\":\"WebSite\",\"@id\":\"https:\\\/\\\/www.derbyfootballcenter.it\\\/#website\",\"url\":\"https:\\\/\\\/www.derbyfootballcenter.it\\\/\",\"name\":\"Derby Football Center\",\"description\":\"Il negozio di calcio a Torino\",\"potentialAction\":[{\"@type\":\"SearchAction\",\"target\":{\"@type\":\"EntryPoint\",\"urlTemplate\":\"https:\\\/\\\/www.derbyfootballcenter.it\\\/?s={search_term_string}\"},\"query-input\":{\"@type\":\"PropertyValueSpecification\",\"valueRequired\":true,\"valueName\":\"search_term_string\"}}],\"inLanguage\":\"it-IT\"}]}<\/script>\n<!-- \/ Yoast SEO plugin. -->","yoast_head_json":{"title":"Predator EDGE.1 FG - Derby Football Center - Il negozio di calcio a Torino","description":"Predator EDGE.1 FG - Derby Football Center - Il negozio di calcio a Torino","robots":{"index":"index","follow":"follow","max-snippet":"max-snippet:-1","max-image-preview":"max-image-preview:large","max-video-preview":"max-video-preview:-1"},"canonical":"https:\/\/www.derbyfootballcenter.it\/?product=predator-freak-1-fg-2","og_locale":"it_IT","og_type":"article","og_title":"Predator EDGE.1 FG - Derby Football Center - Il negozio di calcio a Torino","og_description":"Predator EDGE.1 FG - Derby Football Center - Il negozio di calcio a Torino","og_url":"https:\/\/www.derbyfootballcenter.it\/?product=predator-freak-1-fg-2","og_site_name":"Derby Football Center","article_publisher":"https:\/\/www.facebook.com\/DerbyFootballCenter","article_modified_time":"2022-04-19T13:06:21+00:00","og_image":[{"width":840,"height":840,"url":"https:\/\/www.derbyfootballcenter.it\/wp-content\/uploads\/2022\/03\/pred-adge-1-fg-1.jpg","type":"image\/jpeg"}],"twitter_card":"summary_large_image","schema":{"@context":"https:\/\/schema.org","@graph":[{"@type":"WebPage","@id":"https:\/\/www.derbyfootballcenter.it\/?product=predator-freak-1-fg-2","url":"https:\/\/www.derbyfootballcenter.it\/?product=predator-freak-1-fg-2","name":"Predator EDGE.1 FG - Derby Football Center - Il negozio di calcio a Torino","isPartOf":{"@id":"https:\/\/www.derbyfootballcenter.it\/#website"},"primaryImageOfPage":{"@id":"https:\/\/www.derbyfootballcenter.it\/?product=predator-freak-1-fg-2#primaryimage"},"image":{"@id":"https:\/\/www.derbyfootballcenter.it\/?product=predator-freak-1-fg-2#primaryimage"},"thumbnailUrl":"https:\/\/www.derbyfootballcenter.it\/wp-content\/uploads\/2022\/03\/pred-adge-1-fg-1.jpg","datePublished":"2022-03-07T16:39:24+00:00","dateModified":"2022-04-19T13:06:21+00:00","description":"Predator EDGE.1 FG - Derby Football Center - Il negozio di calcio a Torino","breadcrumb":{"@id":"https:\/\/www.derbyfootballcenter.it\/?product=predator-freak-1-fg-2#breadcrumb"},"inLanguage":"it-IT","potentialAction":[{"@type":"ReadAction","target":["https:\/\/www.derbyfootballcenter.it\/?product=predator-freak-1-fg-2"]}]},{"@type":"ImageObject","inLanguage":"it-IT","@id":"https:\/\/www.derbyfootballcenter.it\/?product=predator-freak-1-fg-2#primaryimage","url":"https:\/\/www.derbyfootballcenter.it\/wp-content\/uploads\/2022\/03\/pred-adge-1-fg-1.jpg","contentUrl":"https:\/\/www.derbyfootballcenter.it\/wp-content\/uploads\/2022\/03\/pred-adge-1-fg-1.jpg","width":840,"height":840},{"@type":"BreadcrumbList","@id":"https:\/\/www.derbyfootballcenter.it\/?product=predator-freak-1-fg-2#breadcrumb","itemListElement":[{"@type":"ListItem","position":1,"name":"Home","item":"https:\/\/www.derbyfootballcenter.it\/"},{"@type":"ListItem","position":2,"name":"PRODOTTI","item":"https:\/\/www.derbyfootballcenter.it\/?page_id=1199"},{"@type":"ListItem","position":3,"name":"Predator EDGE.1 FG"}]},{"@type":"WebSite","@id":"https:\/\/www.derbyfootballcenter.it\/#website","url":"https:\/\/www.derbyfootballcenter.it\/","name":"Derby Football Center","description":"Il negozio di calcio a Torino","potentialAction":[{"@type":"SearchAction","target":{"@type":"EntryPoint","urlTemplate":"https:\/\/www.derbyfootballcenter.it\/?s={search_term_string}"},"query-input":{"@type":"PropertyValueSpecification","valueRequired":true,"valueName":"search_term_string"}}],"inLanguage":"it-IT"}]}},"_links":{"self":[{"href":"https:\/\/www.derbyfootballcenter.it\/index.php?rest_route=\/wp\/v2\/product\/5488","targetHints":{"allow":["GET"]}}],"collection":[{"href":"https:\/\/www.derbyfootballcenter.it\/index.php?rest_route=\/wp\/v2\/product"}],"about":[{"href":"https:\/\/www.derbyfootballcenter.it\/index.php?rest_route=\/wp\/v2\/types\/product"}],"wp:featuredmedia":[{"embeddable":true,"href":"https:\/\/www.derbyfootballcenter.it\/index.php?rest_route=\/wp\/v2\/media\/5527"}],"wp:attachment":[{"href":"https:\/\/www.derbyfootballcenter.it\/index.php?rest_route=%2Fwp%2Fv2%2Fmedia&parent=5488"}],"wp:term":[{"taxonomy":"product_brand","embeddable":true,"href":"https:\/\/www.derbyfootballcenter.it\/index.php?rest_route=%2Fwp%2Fv2%2Fproduct_brand&post=5488"},{"taxonomy":"product_cat","embeddable":true,"href":"https:\/\/www.derbyfootballcenter.it\/index.php?rest_route=%2Fwp%2Fv2%2Fproduct_cat&post=5488"},{"taxonomy":"product_tag","embeddable":true,"href":"https:\/\/www.derbyfootballcenter.it\/index.php?rest_route=%2Fwp%2Fv2%2Fproduct_tag&post=5488"}],"curies":[{"name":"wp","href":"https:\/\/api.w.org\/{rel}","templated":true}]}}