{"id":1184,"date":"2017-07-20T15:59:39","date_gmt":"2017-07-20T13:59:39","guid":{"rendered":"https:\/\/www.derbyfootballcenter.it\/?page_id=1184"},"modified":"2018-02-10T13:46:07","modified_gmt":"2018-02-10T12:46:07","slug":"chi-siamo","status":"publish","type":"page","link":"https:\/\/www.derbyfootballcenter.it\/?page_id=1184","title":{"rendered":"CHI SIAMO"},"content":{"rendered":"<div class=\"wpb-content-wrapper\"><p>[vc_row][vc_column][vc_column_text]<\/p>\n<h1>Chi Siamo<\/h1>\n<h3>Derby Football Center nasce a Torino il 22 giugno 2012, con l&#8217;intento di diventare il punto di riferimento per gli appassionati di questo sport.<\/h3>\n<p>Grazie ai contratti commerciali stipulati con le pi\u00f9 grandi aziende internazionali, d\u00e0 la possibilit\u00e0 di stabilire un rapporto qualit\u00e0-prezzo imbattibile sulle calzature, sull&#8217;abbigliamento sportivo e su tutto ci\u00f2 che concerne l&#8217;ambito calcistico.[\/vc_column_text][vc_column_text]<\/p>\n<h3>Punto di riferimento per gli appassionati di calcio, disponiamo di:<\/h3>\n<p>Divise nazionali<br \/>\nDivise Internazionali<br \/>\nCompleti allenamento e gara<br \/>\nAttrezzature per giocatori<br \/>\ne tanto altro.[\/vc_column_text][vc_column_text]<\/p>\n<h1>Maglie Originali<\/h1>\n<h3>Rivenditore Autorizzato<\/h3>\n<p>Solo Derby Football Center ti permette di trovare la maglia dei tuoi sogni, con possibilit\u00e0 di personalizzazione completa, con il tuo nome o con quello del giocatore<\/p>\n<p>Derby Football Center \u00e8 rivenditore autorizzato Nike, Adidas, Joma<br \/>\nSolo da noi trovi le maglie dei maggiori top club italiani ed esteri<br \/>\nJuventus, Inter, Milan, Napoli, Lazio, Bologna, Fiorentina<br \/>\nManchester United, Barcellona, Paris Saint Germain, Real Madrid, Bayern Munchen, Chelsea, Olympique Lyonnais, Olympique Marseille e molte altre&#8230;[\/vc_column_text][vc_column_text]<\/p>\n<h1 class=\"drawer-title\" data-default=\"Inserisci il titolo qui\">Angolo Portieri<\/h1>\n<p>Pantaloni lunghi con protezioni, pantaloni a 3\/4 con protezioni, pantaloni corti con protezioni, kit maglia+pantaloncini, guanti, intimo protettivo e tutto ci\u00f2 di cui ha bisogno un portiere.<\/p>\n<p>Rivenditori autorizzati Uhlsport, Zeus, Nike, Adidas, Ho Soccer, Reusch, McDavid[\/vc_column_text][\/vc_column][\/vc_row]<\/p>\n<\/div>","protected":false},"excerpt":{"rendered":"<p>[vc_row][vc_column][vc_column_text] Chi Siamo Derby Football Center nasce a Torino il 22 giugno 2012, con l&#8217;intento di diventare il punto di riferimento per gli appassionati di questo sport. Grazie ai contratti commerciali stipulati con le pi\u00f9 grandi aziende internazionali, d\u00e0 la possibilit\u00e0 di stabilire un rapporto qualit\u00e0-prezzo imbattibile sulle calzature, sull&#8217;abbigliamento sportivo e su tutto ci\u00f2&hellip;<\/p>\n","protected":false},"author":1,"featured_media":0,"parent":0,"menu_order":0,"comment_status":"closed","ping_status":"open","template":"","meta":{"footnotes":""},"class_list":["post-1184","page","type-page","status-publish","hentry","description-off"],"yoast_head":"<!-- This site is optimized with the Yoast SEO plugin v27.5 - https:\/\/yoast.com\/product\/yoast-seo-wordpress\/ -->\n<title>Attrezzatura Calcio - Torino - Derby Football Center - Chi siamo<\/title>\n<meta name=\"description\" content=\"Il negozio Derby Football Center di Torino \u00e8 il punto di riferimento per gli appassionati di calcio. All&#039;interno abbigliamento ed accessori per calcio.\" \/>\n<meta name=\"robots\" content=\"index, follow, max-snippet:-1, max-image-preview:large, max-video-preview:-1\" \/>\n<link rel=\"canonical\" href=\"https:\/\/www.derbyfootballcenter.it\/?page_id=1184\" \/>\n<meta property=\"og:locale\" content=\"it_IT\" \/>\n<meta property=\"og:type\" content=\"article\" \/>\n<meta property=\"og:title\" content=\"Attrezzatura Calcio - Torino - Derby Football Center - Chi siamo\" \/>\n<meta property=\"og:description\" content=\"Il negozio Derby Football Center di Torino \u00e8 il punto di riferimento per gli appassionati di calcio. All&#039;interno abbigliamento ed accessori per calcio.\" \/>\n<meta property=\"og:url\" content=\"https:\/\/www.derbyfootballcenter.it\/?page_id=1184\" \/>\n<meta property=\"og:site_name\" content=\"Derby Football Center\" \/>\n<meta property=\"article:publisher\" content=\"https:\/\/www.facebook.com\/DerbyFootballCenter\" \/>\n<meta property=\"article:modified_time\" content=\"2018-02-10T12:46:07+00:00\" \/>\n<meta name=\"twitter:card\" content=\"summary_large_image\" \/>\n<meta name=\"twitter:label1\" content=\"Tempo di lettura stimato\" \/>\n\t<meta name=\"twitter:data1\" content=\"1 minuto\" \/>\n<script type=\"application\/ld+json\" class=\"yoast-schema-graph\">{\"@context\":\"https:\\\/\\\/schema.org\",\"@graph\":[{\"@type\":\"WebPage\",\"@id\":\"https:\\\/\\\/www.derbyfootballcenter.it\\\/?page_id=1184\",\"url\":\"https:\\\/\\\/www.derbyfootballcenter.it\\\/?page_id=1184\",\"name\":\"Attrezzatura Calcio - Torino - Derby Football Center - Chi siamo\",\"isPartOf\":{\"@id\":\"https:\\\/\\\/www.derbyfootballcenter.it\\\/#website\"},\"datePublished\":\"2017-07-20T13:59:39+00:00\",\"dateModified\":\"2018-02-10T12:46:07+00:00\",\"description\":\"Il negozio Derby Football Center di Torino \u00e8 il punto di riferimento per gli appassionati di calcio. All'interno abbigliamento ed accessori per calcio.\",\"breadcrumb\":{\"@id\":\"https:\\\/\\\/www.derbyfootballcenter.it\\\/?page_id=1184#breadcrumb\"},\"inLanguage\":\"it-IT\",\"potentialAction\":[{\"@type\":\"ReadAction\",\"target\":[\"https:\\\/\\\/www.derbyfootballcenter.it\\\/?page_id=1184\"]}]},{\"@type\":\"BreadcrumbList\",\"@id\":\"https:\\\/\\\/www.derbyfootballcenter.it\\\/?page_id=1184#breadcrumb\",\"itemListElement\":[{\"@type\":\"ListItem\",\"position\":1,\"name\":\"Home\",\"item\":\"https:\\\/\\\/www.derbyfootballcenter.it\\\/\"},{\"@type\":\"ListItem\",\"position\":2,\"name\":\"CHI SIAMO\"}]},{\"@type\":\"WebSite\",\"@id\":\"https:\\\/\\\/www.derbyfootballcenter.it\\\/#website\",\"url\":\"https:\\\/\\\/www.derbyfootballcenter.it\\\/\",\"name\":\"Derby Football Center\",\"description\":\"Il negozio di calcio a Torino\",\"potentialAction\":[{\"@type\":\"SearchAction\",\"target\":{\"@type\":\"EntryPoint\",\"urlTemplate\":\"https:\\\/\\\/www.derbyfootballcenter.it\\\/?s={search_term_string}\"},\"query-input\":{\"@type\":\"PropertyValueSpecification\",\"valueRequired\":true,\"valueName\":\"search_term_string\"}}],\"inLanguage\":\"it-IT\"}]}<\/script>\n<!-- \/ Yoast SEO plugin. -->","yoast_head_json":{"title":"Attrezzatura Calcio - Torino - Derby Football Center - Chi siamo","description":"Il negozio Derby Football Center di Torino \u00e8 il punto di riferimento per gli appassionati di calcio. All'interno abbigliamento ed accessori per calcio.","robots":{"index":"index","follow":"follow","max-snippet":"max-snippet:-1","max-image-preview":"max-image-preview:large","max-video-preview":"max-video-preview:-1"},"canonical":"https:\/\/www.derbyfootballcenter.it\/?page_id=1184","og_locale":"it_IT","og_type":"article","og_title":"Attrezzatura Calcio - Torino - Derby Football Center - Chi siamo","og_description":"Il negozio Derby Football Center di Torino \u00e8 il punto di riferimento per gli appassionati di calcio. All'interno abbigliamento ed accessori per calcio.","og_url":"https:\/\/www.derbyfootballcenter.it\/?page_id=1184","og_site_name":"Derby Football Center","article_publisher":"https:\/\/www.facebook.com\/DerbyFootballCenter","article_modified_time":"2018-02-10T12:46:07+00:00","twitter_card":"summary_large_image","twitter_misc":{"Tempo di lettura stimato":"1 minuto"},"schema":{"@context":"https:\/\/schema.org","@graph":[{"@type":"WebPage","@id":"https:\/\/www.derbyfootballcenter.it\/?page_id=1184","url":"https:\/\/www.derbyfootballcenter.it\/?page_id=1184","name":"Attrezzatura Calcio - Torino - Derby Football Center - Chi siamo","isPartOf":{"@id":"https:\/\/www.derbyfootballcenter.it\/#website"},"datePublished":"2017-07-20T13:59:39+00:00","dateModified":"2018-02-10T12:46:07+00:00","description":"Il negozio Derby Football Center di Torino \u00e8 il punto di riferimento per gli appassionati di calcio. All'interno abbigliamento ed accessori per calcio.","breadcrumb":{"@id":"https:\/\/www.derbyfootballcenter.it\/?page_id=1184#breadcrumb"},"inLanguage":"it-IT","potentialAction":[{"@type":"ReadAction","target":["https:\/\/www.derbyfootballcenter.it\/?page_id=1184"]}]},{"@type":"BreadcrumbList","@id":"https:\/\/www.derbyfootballcenter.it\/?page_id=1184#breadcrumb","itemListElement":[{"@type":"ListItem","position":1,"name":"Home","item":"https:\/\/www.derbyfootballcenter.it\/"},{"@type":"ListItem","position":2,"name":"CHI SIAMO"}]},{"@type":"WebSite","@id":"https:\/\/www.derbyfootballcenter.it\/#website","url":"https:\/\/www.derbyfootballcenter.it\/","name":"Derby Football Center","description":"Il negozio di calcio a Torino","potentialAction":[{"@type":"SearchAction","target":{"@type":"EntryPoint","urlTemplate":"https:\/\/www.derbyfootballcenter.it\/?s={search_term_string}"},"query-input":{"@type":"PropertyValueSpecification","valueRequired":true,"valueName":"search_term_string"}}],"inLanguage":"it-IT"}]}},"_links":{"self":[{"href":"https:\/\/www.derbyfootballcenter.it\/index.php?rest_route=\/wp\/v2\/pages\/1184","targetHints":{"allow":["GET"]}}],"collection":[{"href":"https:\/\/www.derbyfootballcenter.it\/index.php?rest_route=\/wp\/v2\/pages"}],"about":[{"href":"https:\/\/www.derbyfootballcenter.it\/index.php?rest_route=\/wp\/v2\/types\/page"}],"author":[{"embeddable":true,"href":"https:\/\/www.derbyfootballcenter.it\/index.php?rest_route=\/wp\/v2\/users\/1"}],"replies":[{"embeddable":true,"href":"https:\/\/www.derbyfootballcenter.it\/index.php?rest_route=%2Fwp%2Fv2%2Fcomments&post=1184"}],"version-history":[{"count":7,"href":"https:\/\/www.derbyfootballcenter.it\/index.php?rest_route=\/wp\/v2\/pages\/1184\/revisions"}],"predecessor-version":[{"id":1758,"href":"https:\/\/www.derbyfootballcenter.it\/index.php?rest_route=\/wp\/v2\/pages\/1184\/revisions\/1758"}],"wp:attachment":[{"href":"https:\/\/www.derbyfootballcenter.it\/index.php?rest_route=%2Fwp%2Fv2%2Fmedia&parent=1184"}],"curies":[{"name":"wp","href":"https:\/\/api.w.org\/{rel}","templated":true}]}}